{"id":196,"date":"2024-12-19T07:55:05","date_gmt":"2024-12-19T07:55:05","guid":{"rendered":"https:\/\/lvmvanille.mg\/?page_id=196"},"modified":"2024-12-24T06:43:49","modified_gmt":"2024-12-24T06:43:49","slug":"moyens-de-paiement","status":"publish","type":"page","link":"https:\/\/lvmvanille.mg\/en\/moyens-de-paiement\/","title":{"rendered":"Payment methods"},"content":{"rendered":"<style>.wp-block-kadence-advancedheading.kt-adv-heading196_cd2e79-5b, .wp-block-kadence-advancedheading.kt-adv-heading196_cd2e79-5b[data-kb-block=\"kb-adv-heading196_cd2e79-5b\"]{font-size:18px;font-style:normal;}.wp-block-kadence-advancedheading.kt-adv-heading196_cd2e79-5b mark.kt-highlight, .wp-block-kadence-advancedheading.kt-adv-heading196_cd2e79-5b[data-kb-block=\"kb-adv-heading196_cd2e79-5b\"] mark.kt-highlight{font-style:normal;color:#f76a0c;-webkit-box-decoration-break:clone;box-decoration-break:clone;padding-top:0px;padding-right:0px;padding-bottom:0px;padding-left:0px;}.wp-block-kadence-advancedheading.kt-adv-heading196_cd2e79-5b img.kb-inline-image, .wp-block-kadence-advancedheading.kt-adv-heading196_cd2e79-5b[data-kb-block=\"kb-adv-heading196_cd2e79-5b\"] img.kb-inline-image{width:150px;vertical-align:baseline;}@media all and (max-width: 1024px){.wp-block-kadence-advancedheading.kt-adv-heading196_cd2e79-5b, .wp-block-kadence-advancedheading.kt-adv-heading196_cd2e79-5b[data-kb-block=\"kb-adv-heading196_cd2e79-5b\"]{font-size:16px;}}@media all and (max-width: 767px){.wp-block-kadence-advancedheading.kt-adv-heading196_cd2e79-5b, .wp-block-kadence-advancedheading.kt-adv-heading196_cd2e79-5b[data-kb-block=\"kb-adv-heading196_cd2e79-5b\"]{font-size:14px;}}<\/style>\n<h3 class=\"kt-adv-heading196_cd2e79-5b wp-block-kadence-advancedheading\" data-kb-block=\"kb-adv-heading196_cd2e79-5b\">Chez La Villa Micha\u00eblla, nous souhaitons vous offrir une exp\u00e9rience d&rsquo;achat en ligne simple et s\u00e9curis\u00e9e. C&rsquo;est pourquoi nous mettons \u00e0 votre disposition plusieurs options de paiement pour r\u00e9pondre \u00e0 vos besoins.<\/h3>\n\n\n<style>.wp-block-kadence-advancedheading.kt-adv-heading196_ece11b-7f, .wp-block-kadence-advancedheading.kt-adv-heading196_ece11b-7f[data-kb-block=\"kb-adv-heading196_ece11b-7f\"]{font-size:18px;font-style:normal;}.wp-block-kadence-advancedheading.kt-adv-heading196_ece11b-7f mark.kt-highlight, .wp-block-kadence-advancedheading.kt-adv-heading196_ece11b-7f[data-kb-block=\"kb-adv-heading196_ece11b-7f\"] mark.kt-highlight{font-style:normal;color:#f76a0c;-webkit-box-decoration-break:clone;box-decoration-break:clone;padding-top:0px;padding-right:0px;padding-bottom:0px;padding-left:0px;}.wp-block-kadence-advancedheading.kt-adv-heading196_ece11b-7f img.kb-inline-image, .wp-block-kadence-advancedheading.kt-adv-heading196_ece11b-7f[data-kb-block=\"kb-adv-heading196_ece11b-7f\"] img.kb-inline-image{width:150px;vertical-align:baseline;}@media all and (max-width: 1024px){.wp-block-kadence-advancedheading.kt-adv-heading196_ece11b-7f, .wp-block-kadence-advancedheading.kt-adv-heading196_ece11b-7f[data-kb-block=\"kb-adv-heading196_ece11b-7f\"]{font-size:16px;}}@media all and (max-width: 767px){.wp-block-kadence-advancedheading.kt-adv-heading196_ece11b-7f, .wp-block-kadence-advancedheading.kt-adv-heading196_ece11b-7f[data-kb-block=\"kb-adv-heading196_ece11b-7f\"]{font-size:14px;}}<\/style>\n<h3 class=\"kt-adv-heading196_ece11b-7f wp-block-kadence-advancedheading\" data-kb-block=\"kb-adv-heading196_ece11b-7f\"><strong>1. CARTES BANCAIRES<\/strong><\/h3>\n\n\n<style>.wp-block-kadence-advancedheading.kt-adv-heading196_e51709-1c, .wp-block-kadence-advancedheading.kt-adv-heading196_e51709-1c[data-kb-block=\"kb-adv-heading196_e51709-1c\"]{font-size:18px;font-style:normal;}.wp-block-kadence-advancedheading.kt-adv-heading196_e51709-1c mark.kt-highlight, .wp-block-kadence-advancedheading.kt-adv-heading196_e51709-1c[data-kb-block=\"kb-adv-heading196_e51709-1c\"] mark.kt-highlight{font-style:normal;color:#f76a0c;-webkit-box-decoration-break:clone;box-decoration-break:clone;padding-top:0px;padding-right:0px;padding-bottom:0px;padding-left:0px;}.wp-block-kadence-advancedheading.kt-adv-heading196_e51709-1c img.kb-inline-image, .wp-block-kadence-advancedheading.kt-adv-heading196_e51709-1c[data-kb-block=\"kb-adv-heading196_e51709-1c\"] img.kb-inline-image{width:150px;vertical-align:baseline;}@media all and (max-width: 1024px){.wp-block-kadence-advancedheading.kt-adv-heading196_e51709-1c, .wp-block-kadence-advancedheading.kt-adv-heading196_e51709-1c[data-kb-block=\"kb-adv-heading196_e51709-1c\"]{font-size:16px;}}@media all and (max-width: 767px){.wp-block-kadence-advancedheading.kt-adv-heading196_e51709-1c, .wp-block-kadence-advancedheading.kt-adv-heading196_e51709-1c[data-kb-block=\"kb-adv-heading196_e51709-1c\"]{font-size:14px;}}<\/style>\n<h3 class=\"kt-adv-heading196_e51709-1c wp-block-kadence-advancedheading\" data-kb-block=\"kb-adv-heading196_e51709-1c\">Nous acceptons les principales cartes bancaires pour vos paiements en ligne :<\/h3>\n\n\n<style>.wp-block-kadence-advancedheading.kt-adv-heading196_e5034b-3c, .wp-block-kadence-advancedheading.kt-adv-heading196_e5034b-3c[data-kb-block=\"kb-adv-heading196_e5034b-3c\"]{padding-left:var(--global-kb-spacing-xs, 1rem);font-size:18px;font-style:normal;}.wp-block-kadence-advancedheading.kt-adv-heading196_e5034b-3c mark.kt-highlight, .wp-block-kadence-advancedheading.kt-adv-heading196_e5034b-3c[data-kb-block=\"kb-adv-heading196_e5034b-3c\"] mark.kt-highlight{font-style:normal;color:#f76a0c;-webkit-box-decoration-break:clone;box-decoration-break:clone;padding-top:0px;padding-right:0px;padding-bottom:0px;padding-left:0px;}.wp-block-kadence-advancedheading.kt-adv-heading196_e5034b-3c img.kb-inline-image, .wp-block-kadence-advancedheading.kt-adv-heading196_e5034b-3c[data-kb-block=\"kb-adv-heading196_e5034b-3c\"] img.kb-inline-image{width:150px;vertical-align:baseline;}@media all and (max-width: 1024px){.wp-block-kadence-advancedheading.kt-adv-heading196_e5034b-3c, .wp-block-kadence-advancedheading.kt-adv-heading196_e5034b-3c[data-kb-block=\"kb-adv-heading196_e5034b-3c\"]{font-size:16px;}}@media all and (max-width: 767px){.wp-block-kadence-advancedheading.kt-adv-heading196_e5034b-3c, .wp-block-kadence-advancedheading.kt-adv-heading196_e5034b-3c[data-kb-block=\"kb-adv-heading196_e5034b-3c\"]{font-size:14px;}}<\/style>\n<h3 class=\"kt-adv-heading196_e5034b-3c wp-block-kadence-advancedheading\" data-kb-block=\"kb-adv-heading196_e5034b-3c\"><strong>.   Visa<\/strong><\/h3>\n\n\n<style>.wp-block-kadence-advancedheading.kt-adv-heading196_db35d4-d8, .wp-block-kadence-advancedheading.kt-adv-heading196_db35d4-d8[data-kb-block=\"kb-adv-heading196_db35d4-d8\"]{padding-left:var(--global-kb-spacing-xs, 1rem);font-size:18px;font-style:normal;}.wp-block-kadence-advancedheading.kt-adv-heading196_db35d4-d8 mark.kt-highlight, .wp-block-kadence-advancedheading.kt-adv-heading196_db35d4-d8[data-kb-block=\"kb-adv-heading196_db35d4-d8\"] mark.kt-highlight{font-style:normal;color:#f76a0c;-webkit-box-decoration-break:clone;box-decoration-break:clone;padding-top:0px;padding-right:0px;padding-bottom:0px;padding-left:0px;}.wp-block-kadence-advancedheading.kt-adv-heading196_db35d4-d8 img.kb-inline-image, .wp-block-kadence-advancedheading.kt-adv-heading196_db35d4-d8[data-kb-block=\"kb-adv-heading196_db35d4-d8\"] img.kb-inline-image{width:150px;vertical-align:baseline;}@media all and (max-width: 1024px){.wp-block-kadence-advancedheading.kt-adv-heading196_db35d4-d8, .wp-block-kadence-advancedheading.kt-adv-heading196_db35d4-d8[data-kb-block=\"kb-adv-heading196_db35d4-d8\"]{font-size:16px;}}@media all and (max-width: 767px){.wp-block-kadence-advancedheading.kt-adv-heading196_db35d4-d8, .wp-block-kadence-advancedheading.kt-adv-heading196_db35d4-d8[data-kb-block=\"kb-adv-heading196_db35d4-d8\"]{font-size:14px;}}<\/style>\n<h3 class=\"kt-adv-heading196_db35d4-d8 wp-block-kadence-advancedheading\" data-kb-block=\"kb-adv-heading196_db35d4-d8\"><strong>.   MasterCard<\/strong><\/h3>\n\n\n<style>.wp-block-kadence-advancedheading.kt-adv-heading196_f4267c-3d, .wp-block-kadence-advancedheading.kt-adv-heading196_f4267c-3d[data-kb-block=\"kb-adv-heading196_f4267c-3d\"]{padding-left:var(--global-kb-spacing-xs, 1rem);font-size:18px;font-style:normal;}.wp-block-kadence-advancedheading.kt-adv-heading196_f4267c-3d mark.kt-highlight, .wp-block-kadence-advancedheading.kt-adv-heading196_f4267c-3d[data-kb-block=\"kb-adv-heading196_f4267c-3d\"] mark.kt-highlight{font-style:normal;color:#f76a0c;-webkit-box-decoration-break:clone;box-decoration-break:clone;padding-top:0px;padding-right:0px;padding-bottom:0px;padding-left:0px;}.wp-block-kadence-advancedheading.kt-adv-heading196_f4267c-3d img.kb-inline-image, .wp-block-kadence-advancedheading.kt-adv-heading196_f4267c-3d[data-kb-block=\"kb-adv-heading196_f4267c-3d\"] img.kb-inline-image{width:150px;vertical-align:baseline;}@media all and (max-width: 1024px){.wp-block-kadence-advancedheading.kt-adv-heading196_f4267c-3d, .wp-block-kadence-advancedheading.kt-adv-heading196_f4267c-3d[data-kb-block=\"kb-adv-heading196_f4267c-3d\"]{font-size:16px;}}@media all and (max-width: 767px){.wp-block-kadence-advancedheading.kt-adv-heading196_f4267c-3d, .wp-block-kadence-advancedheading.kt-adv-heading196_f4267c-3d[data-kb-block=\"kb-adv-heading196_f4267c-3d\"]{font-size:14px;}}<\/style>\n<h3 class=\"kt-adv-heading196_f4267c-3d wp-block-kadence-advancedheading\" data-kb-block=\"kb-adv-heading196_f4267c-3d\"><strong>.   American Express<\/strong><\/h3>\n\n\n<style>.wp-block-kadence-advancedheading.kt-adv-heading196_e8270e-57, .wp-block-kadence-advancedheading.kt-adv-heading196_e8270e-57[data-kb-block=\"kb-adv-heading196_e8270e-57\"]{font-size:18px;font-style:normal;}.wp-block-kadence-advancedheading.kt-adv-heading196_e8270e-57 mark.kt-highlight, .wp-block-kadence-advancedheading.kt-adv-heading196_e8270e-57[data-kb-block=\"kb-adv-heading196_e8270e-57\"] mark.kt-highlight{font-style:normal;color:#f76a0c;-webkit-box-decoration-break:clone;box-decoration-break:clone;padding-top:0px;padding-right:0px;padding-bottom:0px;padding-left:0px;}.wp-block-kadence-advancedheading.kt-adv-heading196_e8270e-57 img.kb-inline-image, .wp-block-kadence-advancedheading.kt-adv-heading196_e8270e-57[data-kb-block=\"kb-adv-heading196_e8270e-57\"] img.kb-inline-image{width:150px;vertical-align:baseline;}@media all and (max-width: 1024px){.wp-block-kadence-advancedheading.kt-adv-heading196_e8270e-57, .wp-block-kadence-advancedheading.kt-adv-heading196_e8270e-57[data-kb-block=\"kb-adv-heading196_e8270e-57\"]{font-size:16px;}}@media all and (max-width: 767px){.wp-block-kadence-advancedheading.kt-adv-heading196_e8270e-57, .wp-block-kadence-advancedheading.kt-adv-heading196_e8270e-57[data-kb-block=\"kb-adv-heading196_e8270e-57\"]{font-size:14px;}}<\/style>\n<h3 class=\"kt-adv-heading196_e8270e-57 wp-block-kadence-advancedheading\" data-kb-block=\"kb-adv-heading196_e8270e-57\">Les transactions par carte bancaire sont s\u00e9curis\u00e9es gr\u00e2ce \u00e0 notre partenariat avec STRIPE. Toutes les informations de paiement sont crypt\u00e9es et trait\u00e9es de mani\u00e8re confidentielle.<\/h3>\n\n\n<style>.wp-block-kadence-advancedheading.kt-adv-heading196_a94877-0f, .wp-block-kadence-advancedheading.kt-adv-heading196_a94877-0f[data-kb-block=\"kb-adv-heading196_a94877-0f\"]{font-size:18px;font-style:normal;}.wp-block-kadence-advancedheading.kt-adv-heading196_a94877-0f mark.kt-highlight, .wp-block-kadence-advancedheading.kt-adv-heading196_a94877-0f[data-kb-block=\"kb-adv-heading196_a94877-0f\"] mark.kt-highlight{font-style:normal;color:#f76a0c;-webkit-box-decoration-break:clone;box-decoration-break:clone;padding-top:0px;padding-right:0px;padding-bottom:0px;padding-left:0px;}.wp-block-kadence-advancedheading.kt-adv-heading196_a94877-0f img.kb-inline-image, .wp-block-kadence-advancedheading.kt-adv-heading196_a94877-0f[data-kb-block=\"kb-adv-heading196_a94877-0f\"] img.kb-inline-image{width:150px;vertical-align:baseline;}@media all and (max-width: 1024px){.wp-block-kadence-advancedheading.kt-adv-heading196_a94877-0f, .wp-block-kadence-advancedheading.kt-adv-heading196_a94877-0f[data-kb-block=\"kb-adv-heading196_a94877-0f\"]{font-size:16px;}}@media all and (max-width: 767px){.wp-block-kadence-advancedheading.kt-adv-heading196_a94877-0f, .wp-block-kadence-advancedheading.kt-adv-heading196_a94877-0f[data-kb-block=\"kb-adv-heading196_a94877-0f\"]{font-size:14px;}}<\/style>\n<h3 class=\"kt-adv-heading196_a94877-0f wp-block-kadence-advancedheading\" data-kb-block=\"kb-adv-heading196_a94877-0f\"><strong>2. PAYPAL<\/strong><\/h3>\n\n\n<style>.wp-block-kadence-advancedheading.kt-adv-heading196_16dcc2-20, .wp-block-kadence-advancedheading.kt-adv-heading196_16dcc2-20[data-kb-block=\"kb-adv-heading196_16dcc2-20\"]{font-size:18px;font-style:normal;}.wp-block-kadence-advancedheading.kt-adv-heading196_16dcc2-20 mark.kt-highlight, .wp-block-kadence-advancedheading.kt-adv-heading196_16dcc2-20[data-kb-block=\"kb-adv-heading196_16dcc2-20\"] mark.kt-highlight{font-style:normal;color:#f76a0c;-webkit-box-decoration-break:clone;box-decoration-break:clone;padding-top:0px;padding-right:0px;padding-bottom:0px;padding-left:0px;}.wp-block-kadence-advancedheading.kt-adv-heading196_16dcc2-20 img.kb-inline-image, .wp-block-kadence-advancedheading.kt-adv-heading196_16dcc2-20[data-kb-block=\"kb-adv-heading196_16dcc2-20\"] img.kb-inline-image{width:150px;vertical-align:baseline;}@media all and (max-width: 1024px){.wp-block-kadence-advancedheading.kt-adv-heading196_16dcc2-20, .wp-block-kadence-advancedheading.kt-adv-heading196_16dcc2-20[data-kb-block=\"kb-adv-heading196_16dcc2-20\"]{font-size:16px;}}@media all and (max-width: 767px){.wp-block-kadence-advancedheading.kt-adv-heading196_16dcc2-20, .wp-block-kadence-advancedheading.kt-adv-heading196_16dcc2-20[data-kb-block=\"kb-adv-heading196_16dcc2-20\"]{font-size:14px;}}<\/style>\n<h3 class=\"kt-adv-heading196_16dcc2-20 wp-block-kadence-advancedheading\" data-kb-block=\"kb-adv-heading196_16dcc2-20\">Vous pouvez \u00e9galement choisir de payer via PayPal, une solution simple et s\u00e9curis\u00e9e qui vous permet de r\u00e9gler vos achats sans avoir \u00e0 saisir vos informations bancaires sur notre site. Si vous avez un compte PayPal, il vous suffit de vous connecter pour finaliser votre commande.<\/h3>\n\n\n<style>.wp-block-kadence-advancedheading.kt-adv-heading196_9f1bb7-7d, .wp-block-kadence-advancedheading.kt-adv-heading196_9f1bb7-7d[data-kb-block=\"kb-adv-heading196_9f1bb7-7d\"]{font-size:18px;font-style:normal;}.wp-block-kadence-advancedheading.kt-adv-heading196_9f1bb7-7d mark.kt-highlight, .wp-block-kadence-advancedheading.kt-adv-heading196_9f1bb7-7d[data-kb-block=\"kb-adv-heading196_9f1bb7-7d\"] mark.kt-highlight{font-style:normal;color:#f76a0c;-webkit-box-decoration-break:clone;box-decoration-break:clone;padding-top:0px;padding-right:0px;padding-bottom:0px;padding-left:0px;}.wp-block-kadence-advancedheading.kt-adv-heading196_9f1bb7-7d img.kb-inline-image, .wp-block-kadence-advancedheading.kt-adv-heading196_9f1bb7-7d[data-kb-block=\"kb-adv-heading196_9f1bb7-7d\"] img.kb-inline-image{width:150px;vertical-align:baseline;}@media all and (max-width: 1024px){.wp-block-kadence-advancedheading.kt-adv-heading196_9f1bb7-7d, .wp-block-kadence-advancedheading.kt-adv-heading196_9f1bb7-7d[data-kb-block=\"kb-adv-heading196_9f1bb7-7d\"]{font-size:16px;}}@media all and (max-width: 767px){.wp-block-kadence-advancedheading.kt-adv-heading196_9f1bb7-7d, .wp-block-kadence-advancedheading.kt-adv-heading196_9f1bb7-7d[data-kb-block=\"kb-adv-heading196_9f1bb7-7d\"]{font-size:14px;}}<\/style>\n<h3 class=\"kt-adv-heading196_9f1bb7-7d wp-block-kadence-advancedheading\" data-kb-block=\"kb-adv-heading196_9f1bb7-7d\"><strong>S\u00e9curit\u00e9 des Paiements<\/strong><\/h3>\n\n\n<style>.wp-block-kadence-advancedheading.kt-adv-heading196_a7b00e-1d, .wp-block-kadence-advancedheading.kt-adv-heading196_a7b00e-1d[data-kb-block=\"kb-adv-heading196_a7b00e-1d\"]{font-size:18px;font-style:normal;}.wp-block-kadence-advancedheading.kt-adv-heading196_a7b00e-1d mark.kt-highlight, .wp-block-kadence-advancedheading.kt-adv-heading196_a7b00e-1d[data-kb-block=\"kb-adv-heading196_a7b00e-1d\"] mark.kt-highlight{font-style:normal;color:#f76a0c;-webkit-box-decoration-break:clone;box-decoration-break:clone;padding-top:0px;padding-right:0px;padding-bottom:0px;padding-left:0px;}.wp-block-kadence-advancedheading.kt-adv-heading196_a7b00e-1d img.kb-inline-image, .wp-block-kadence-advancedheading.kt-adv-heading196_a7b00e-1d[data-kb-block=\"kb-adv-heading196_a7b00e-1d\"] img.kb-inline-image{width:150px;vertical-align:baseline;}@media all and (max-width: 1024px){.wp-block-kadence-advancedheading.kt-adv-heading196_a7b00e-1d, .wp-block-kadence-advancedheading.kt-adv-heading196_a7b00e-1d[data-kb-block=\"kb-adv-heading196_a7b00e-1d\"]{font-size:16px;}}@media all and (max-width: 767px){.wp-block-kadence-advancedheading.kt-adv-heading196_a7b00e-1d, .wp-block-kadence-advancedheading.kt-adv-heading196_a7b00e-1d[data-kb-block=\"kb-adv-heading196_a7b00e-1d\"]{font-size:14px;}}<\/style>\n<h3 class=\"kt-adv-heading196_a7b00e-1d wp-block-kadence-advancedheading\" data-kb-block=\"kb-adv-heading196_a7b00e-1d\">La s\u00e9curit\u00e9 de vos informations est notre priorit\u00e9. Nous utilisons des protocoles de cryptage SSL pour prot\u00e9ger vos donn\u00e9es personnelles et financi\u00e8res tout au long du processus d&rsquo;achat. Vous pouvez ainsi faire vos achats en toute confiance.<\/h3>\n\n\n<style>.wp-block-kadence-advancedheading.kt-adv-heading196_7a81ae-26, .wp-block-kadence-advancedheading.kt-adv-heading196_7a81ae-26[data-kb-block=\"kb-adv-heading196_7a81ae-26\"]{font-size:18px;font-style:normal;}.wp-block-kadence-advancedheading.kt-adv-heading196_7a81ae-26 mark.kt-highlight, .wp-block-kadence-advancedheading.kt-adv-heading196_7a81ae-26[data-kb-block=\"kb-adv-heading196_7a81ae-26\"] mark.kt-highlight{font-style:normal;color:#f76a0c;-webkit-box-decoration-break:clone;box-decoration-break:clone;padding-top:0px;padding-right:0px;padding-bottom:0px;padding-left:0px;}.wp-block-kadence-advancedheading.kt-adv-heading196_7a81ae-26 img.kb-inline-image, .wp-block-kadence-advancedheading.kt-adv-heading196_7a81ae-26[data-kb-block=\"kb-adv-heading196_7a81ae-26\"] img.kb-inline-image{width:150px;vertical-align:baseline;}@media all and (max-width: 1024px){.wp-block-kadence-advancedheading.kt-adv-heading196_7a81ae-26, .wp-block-kadence-advancedheading.kt-adv-heading196_7a81ae-26[data-kb-block=\"kb-adv-heading196_7a81ae-26\"]{font-size:16px;}}@media all and (max-width: 767px){.wp-block-kadence-advancedheading.kt-adv-heading196_7a81ae-26, .wp-block-kadence-advancedheading.kt-adv-heading196_7a81ae-26[data-kb-block=\"kb-adv-heading196_7a81ae-26\"]{font-size:14px;}}<\/style>\n<h3 class=\"kt-adv-heading196_7a81ae-26 wp-block-kadence-advancedheading\" data-kb-block=\"kb-adv-heading196_7a81ae-26\"><strong>Assistance<\/strong><\/h3>\n\n\n<style>.wp-block-kadence-advancedheading.kt-adv-heading196_79be5e-37, .wp-block-kadence-advancedheading.kt-adv-heading196_79be5e-37[data-kb-block=\"kb-adv-heading196_79be5e-37\"]{font-size:18px;font-style:normal;}.wp-block-kadence-advancedheading.kt-adv-heading196_79be5e-37 mark.kt-highlight, .wp-block-kadence-advancedheading.kt-adv-heading196_79be5e-37[data-kb-block=\"kb-adv-heading196_79be5e-37\"] mark.kt-highlight{font-style:normal;color:#f76a0c;-webkit-box-decoration-break:clone;box-decoration-break:clone;padding-top:0px;padding-right:0px;padding-bottom:0px;padding-left:0px;}.wp-block-kadence-advancedheading.kt-adv-heading196_79be5e-37 img.kb-inline-image, .wp-block-kadence-advancedheading.kt-adv-heading196_79be5e-37[data-kb-block=\"kb-adv-heading196_79be5e-37\"] img.kb-inline-image{width:150px;vertical-align:baseline;}@media all and (max-width: 1024px){.wp-block-kadence-advancedheading.kt-adv-heading196_79be5e-37, .wp-block-kadence-advancedheading.kt-adv-heading196_79be5e-37[data-kb-block=\"kb-adv-heading196_79be5e-37\"]{font-size:16px;}}@media all and (max-width: 767px){.wp-block-kadence-advancedheading.kt-adv-heading196_79be5e-37, .wp-block-kadence-advancedheading.kt-adv-heading196_79be5e-37[data-kb-block=\"kb-adv-heading196_79be5e-37\"]{font-size:14px;}}<\/style>\n<h3 class=\"kt-adv-heading196_79be5e-37 wp-block-kadence-advancedheading\" data-kb-block=\"kb-adv-heading196_79be5e-37\">Si vous avez des questions concernant les moyens de paiement disponibles ou si vous rencontrez des difficult\u00e9s lors du processus de paiement, n&rsquo;h\u00e9sitez pas \u00e0 nous contacter \u00e0 info@lvmvanille.mg ou par t\u00e9l\u00e9phone au 261 34 96\u00a0272 28 (WhatsApp). Notre service client est \u00e0 votre disposition pour vous assister.<\/h3>\n\n\n\n<hr class=\"wp-block-separator has-alpha-channel-opacity\"\/>\n\n\n<style>.wp-block-kadence-advancedheading.kt-adv-heading196_588a6b-fb, .wp-block-kadence-advancedheading.kt-adv-heading196_588a6b-fb[data-kb-block=\"kb-adv-heading196_588a6b-fb\"]{font-size:18px;font-style:normal;}.wp-block-kadence-advancedheading.kt-adv-heading196_588a6b-fb mark.kt-highlight, .wp-block-kadence-advancedheading.kt-adv-heading196_588a6b-fb[data-kb-block=\"kb-adv-heading196_588a6b-fb\"] mark.kt-highlight{font-style:normal;color:#f76a0c;-webkit-box-decoration-break:clone;box-decoration-break:clone;padding-top:0px;padding-right:0px;padding-bottom:0px;padding-left:0px;}.wp-block-kadence-advancedheading.kt-adv-heading196_588a6b-fb img.kb-inline-image, .wp-block-kadence-advancedheading.kt-adv-heading196_588a6b-fb[data-kb-block=\"kb-adv-heading196_588a6b-fb\"] img.kb-inline-image{width:150px;vertical-align:baseline;}@media all and (max-width: 1024px){.wp-block-kadence-advancedheading.kt-adv-heading196_588a6b-fb, .wp-block-kadence-advancedheading.kt-adv-heading196_588a6b-fb[data-kb-block=\"kb-adv-heading196_588a6b-fb\"]{font-size:16px;}}@media all and (max-width: 767px){.wp-block-kadence-advancedheading.kt-adv-heading196_588a6b-fb, .wp-block-kadence-advancedheading.kt-adv-heading196_588a6b-fb[data-kb-block=\"kb-adv-heading196_588a6b-fb\"]{font-size:14px;}}<\/style>\n<h3 class=\"kt-adv-heading196_588a6b-fb wp-block-kadence-advancedheading\" data-kb-block=\"kb-adv-heading196_588a6b-fb\"><strong>La Villa Micha\u00eblla<\/strong><br>Nous sommes l\u00e0 pour rendre votre exp\u00e9rience d&rsquo;achat aussi fluide que possible.<\/h3>\n\n\n\n<p><\/p>\n","protected":false},"excerpt":{"rendered":"<p>Chez La Villa Micha\u00eblla, nous souhaitons vous offrir une exp\u00e9rience d&rsquo;achat en ligne simple et s\u00e9curis\u00e9e. C&rsquo;est pourquoi nous mettons \u00e0 votre disposition plusieurs options de paiement pour r\u00e9pondre \u00e0 vos besoins. 1. CARTES BANCAIRES Nous acceptons les principales cartes bancaires pour vos paiements en ligne : . Visa . MasterCard . American Express Les&#8230;<\/p>","protected":false},"author":1,"featured_media":0,"parent":0,"menu_order":0,"comment_status":"closed","ping_status":"closed","template":"","meta":{"_kad_post_transparent":"","_kad_post_title":"","_kad_post_layout":"","_kad_post_sidebar_id":"","_kad_post_content_style":"","_kad_post_vertical_padding":"","_kad_post_feature":"","_kad_post_feature_position":"","_kad_post_header":false,"_kad_post_footer":false,"_kad_post_classname":"","footnotes":""},"class_list":["post-196","page","type-page","status-publish","hentry"],"_links":{"self":[{"href":"https:\/\/lvmvanille.mg\/en\/wp-json\/wp\/v2\/pages\/196","targetHints":{"allow":["GET"]}}],"collection":[{"href":"https:\/\/lvmvanille.mg\/en\/wp-json\/wp\/v2\/pages"}],"about":[{"href":"https:\/\/lvmvanille.mg\/en\/wp-json\/wp\/v2\/types\/page"}],"author":[{"embeddable":true,"href":"https:\/\/lvmvanille.mg\/en\/wp-json\/wp\/v2\/users\/1"}],"replies":[{"embeddable":true,"href":"https:\/\/lvmvanille.mg\/en\/wp-json\/wp\/v2\/comments?post=196"}],"version-history":[{"count":7,"href":"https:\/\/lvmvanille.mg\/en\/wp-json\/wp\/v2\/pages\/196\/revisions"}],"predecessor-version":[{"id":601,"href":"https:\/\/lvmvanille.mg\/en\/wp-json\/wp\/v2\/pages\/196\/revisions\/601"}],"wp:attachment":[{"href":"https:\/\/lvmvanille.mg\/en\/wp-json\/wp\/v2\/media?parent=196"}],"curies":[{"name":"wp","href":"https:\/\/api.w.org\/{rel}","templated":true}]}}