{"id":6,"date":"2024-12-12T12:03:28","date_gmt":"2024-12-12T12:03:28","guid":{"rendered":"http:\/\/lvmvanille.mg\/?page_id=6"},"modified":"2024-12-28T11:10:34","modified_gmt":"2024-12-28T11:10:34","slug":"cart","status":"publish","type":"page","link":"https:\/\/lvmvanille.mg\/en\/cart\/","title":{"rendered":"Panier"},"content":{"rendered":"<h3 class=\"wp-block-heading has-text-align-center\" style=\"font-size:25px\"><strong>The more you order, the lower the fees become\u2026until they disappear!<\/strong><\/h3>\n\n\n\n<h3 class=\"wp-block-heading has-text-align-center\" style=\"font-size:18px\">Enjoy our delicious Nectar jars shipped directly from Madagascar<\/h3>\n\n\n\n<div data-block-name=\"woocommerce\/cart\" class=\"wp-block-woocommerce-cart alignwide is-loading\">\n<div data-block-name=\"woocommerce\/filled-cart-block\" class=\"wp-block-woocommerce-filled-cart-block\">\n<div data-block-name=\"woocommerce\/cart-items-block\" class=\"wp-block-woocommerce-cart-items-block\">\n<div data-block-name=\"woocommerce\/cart-line-items-block\" class=\"wp-block-woocommerce-cart-line-items-block\"><\/div>\n\n\n\n<div data-block-name=\"woocommerce\/cart-cross-sells-block\" class=\"wp-block-woocommerce-cart-cross-sells-block\">\n<h2 class=\"wp-block-heading has-large-font-size\">You may be interested in\u2026<\/h2>\n\n\n\n<div data-block-name=\"woocommerce\/cart-cross-sells-products-block\" class=\"wp-block-woocommerce-cart-cross-sells-products-block\"><\/div>\n<\/div>\n<\/div>\n\n\n\n<div data-block-name=\"woocommerce\/cart-totals-block\" class=\"wp-block-woocommerce-cart-totals-block\">\n<div data-block-name=\"woocommerce\/cart-order-summary-block\" class=\"wp-block-woocommerce-cart-order-summary-block\">\n<div data-block-name=\"woocommerce\/cart-order-summary-heading-block\" data-content=\"Total panier\" class=\"wp-block-woocommerce-cart-order-summary-heading-block\"><\/div>\n\n\n\n<div data-block-name=\"woocommerce\/cart-order-summary-coupon-form-block\" class=\"wp-block-woocommerce-cart-order-summary-coupon-form-block\"><\/div>\n\n\n\n<div data-block-name=\"woocommerce\/cart-order-summary-totals-block\" class=\"wp-block-woocommerce-cart-order-summary-totals-block\">\n<div data-block-name=\"woocommerce\/cart-order-summary-subtotal-block\" class=\"wp-block-woocommerce-cart-order-summary-subtotal-block\"><\/div>\n\n\n\n<div data-block-name=\"woocommerce\/cart-order-summary-fee-block\" class=\"wp-block-woocommerce-cart-order-summary-fee-block\"><\/div>\n\n\n\n<div data-block-name=\"woocommerce\/cart-order-summary-discount-block\" class=\"wp-block-woocommerce-cart-order-summary-discount-block\"><\/div>\n\n\n\n<div data-block-name=\"woocommerce\/cart-order-summary-shipping-block\" class=\"wp-block-woocommerce-cart-order-summary-shipping-block\"><\/div>\n\n\n\n<div data-block-name=\"woocommerce\/cart-order-summary-taxes-block\" class=\"wp-block-woocommerce-cart-order-summary-taxes-block\"><\/div>\n<\/div>\n<\/div>\n\n\n\n<div data-block-name=\"woocommerce\/cart-express-payment-block\" class=\"wp-block-woocommerce-cart-express-payment-block\"><\/div>\n\n\n\n<div data-block-name=\"woocommerce\/proceed-to-checkout-block\" class=\"wp-block-woocommerce-proceed-to-checkout-block\"><\/div>\n\n\n\n<div data-block-name=\"woocommerce\/cart-accepted-payment-methods-block\" class=\"wp-block-woocommerce-cart-accepted-payment-methods-block\"><\/div>\n<\/div>\n<\/div>\n\n\n\n<div data-block-name=\"woocommerce\/empty-cart-block\" class=\"wp-block-woocommerce-empty-cart-block\">\n<h2 class=\"wp-block-heading has-text-align-center with-empty-cart-icon wc-block-cart__empty-cart__title\">Your cart is currently empty!<\/h2>\n\n\n\n<hr class=\"wp-block-separator has-alpha-channel-opacity is-style-dots\"\/>\n\n\n\n<h2 class=\"wp-block-heading has-text-align-center\">New in store<\/h2>\n\n\n<div data-block-name=\"woocommerce\/product-new\" data-columns=\"4\" data-rows=\"1\" class=\"wc-block-grid wp-block-product-new wp-block-woocommerce-product-new wc-block-product-new has-4-columns\"><ul class=\"wc-block-grid__products\"><li class=\"wc-block-grid__product entry loop-entry content-bg woo-archive-action-on-hover woo-archive-btn-text product-loop-boxed woo-archive-image-hover-fade\"><a href=\"https:\/\/lvmvanille.mg\/en\/product\/lvmvanille-mg-produit-pack-decouverte-nectar-vanille-givree\/\" class=\"wc-block-grid__product-link woocommerce-loop-image-link woocommerce-LoopProduct-link woocommerce-loop-product__link\">\n\t\t\t\t\t<img loading=\"lazy\" decoding=\"async\" width=\"300\" height=\"300\" src=\"https:\/\/lvmvanille.mg\/wp-content\/uploads\/2025\/12\/pack-decouverte-nectar-300x300.jpg\" class=\"attachment-woocommerce_thumbnail size-woocommerce_thumbnail\" alt=\"Pack D\u00e9couverte - Nectar de Vanille Givr\u00e9e &amp; Pur ( 3 x 15g ) - Livraison Internationale Gratuite (Code Promo : pack315)\" srcset=\"https:\/\/lvmvanille.mg\/wp-content\/uploads\/2025\/12\/pack-decouverte-nectar-300x300.jpg 300w, https:\/\/lvmvanille.mg\/wp-content\/uploads\/2025\/12\/pack-decouverte-nectar-1024x1024.jpg 1024w, https:\/\/lvmvanille.mg\/wp-content\/uploads\/2025\/12\/pack-decouverte-nectar-150x150.jpg 150w, https:\/\/lvmvanille.mg\/wp-content\/uploads\/2025\/12\/pack-decouverte-nectar-768x768.jpg 768w, https:\/\/lvmvanille.mg\/wp-content\/uploads\/2025\/12\/pack-decouverte-nectar-1536x1536.jpg 1536w, https:\/\/lvmvanille.mg\/wp-content\/uploads\/2025\/12\/pack-decouverte-nectar-12x12.jpg 12w, https:\/\/lvmvanille.mg\/wp-content\/uploads\/2025\/12\/pack-decouverte-nectar-600x600.jpg 600w, https:\/\/lvmvanille.mg\/wp-content\/uploads\/2025\/12\/pack-decouverte-nectar-100x100.jpg 100w, https:\/\/lvmvanille.mg\/wp-content\/uploads\/2025\/12\/pack-decouverte-nectar.jpg 2000w\" sizes=\"auto, (max-width: 300px) 100vw, 300px\" \/>\n\t\t\t\t\t\n\t\t\t\t<\/a>\n\t\t\t\t<div class=\"product-details content-bg entry-content-wrap\">\n\t\t\t\t\t<a href=\"https:\/\/lvmvanille.mg\/en\/product\/lvmvanille-mg-produit-pack-decouverte-nectar-vanille-givree\/\" class=\"wc-block-grid__product-title-link\">\n\t\t\t\t\t\t<div class=\"wc-block-grid__product-title\">Pack D\u00e9couverte &#8211; Nectar de Vanille Givr\u00e9e &amp; Pur ( 3 x 15g ) &#8211; Livraison Internationale Gratuite (Code Promo : pack315)<\/div>\n\t\t\t\t\t<\/a>\n\t\t\t\t\t\n\t\t\t\t\t<div class=\"wc-block-grid__product-price price\"><span class=\"woocommerce-Price-amount amount\"><span class=\"woocommerce-Price-currencySymbol\">&euro;<\/span>&nbsp;75.00<\/span><\/div>\n\t\t\t\t\t<div class=\"wp-block-button wc-block-grid__product-add-to-cart\"><a href=\"\/en\/wp-json\/wp\/v2\/pages\/6?add-to-cart=2970\" aria-label=\"Add to cart: \u201cPack D\u00e9couverte - Nectar de Vanille Givr\u00e9e &amp; Pur ( 3 x 15g ) - Livraison Internationale Gratuite (Code Promo : pack315)\u201d\" data-quantity=\"1\" data-product_id=\"2970\" data-product_sku=\"PACK-NECTAR - 3X15\" rel=\"nofollow\" class=\"wp-block-button__link add_to_cart_button ajax_add_to_cart\" data-no-translation-aria-label=\"\">Add to cart<span class=\"kadence-svg-iconset svg-baseline\"><svg aria-hidden=\"true\" class=\"kadence-svg-icon kadence-arrow-right-alt-svg\" fill=\"currentColor\" version=\"1.1\" xmlns=\"http:\/\/www.w3.org\/2000\/svg\" width=\"27\" height=\"28\" viewbox=\"0 0 27 28\"><title>Continue<\/title><path d=\"M27 13.953c0 0.141-0.063 0.281-0.156 0.375l-6 5.531c-0.156 0.141-0.359 0.172-0.547 0.094-0.172-0.078-0.297-0.25-0.297-0.453v-3.5h-19.5c-0.281 0-0.5-0.219-0.5-0.5v-3c0-0.281 0.219-0.5 0.5-0.5h19.5v-3.5c0-0.203 0.109-0.375 0.297-0.453s0.391-0.047 0.547 0.078l6 5.469c0.094 0.094 0.156 0.219 0.156 0.359v0z\"><\/path>\n\t\t\t\t<\/svg><\/span><span class=\"kadence-svg-iconset svg-baseline\"><svg class=\"kadence-svg-icon kadence-spinner-svg\" fill=\"currentColor\" version=\"1.1\" xmlns=\"http:\/\/www.w3.org\/2000\/svg\" width=\"16\" height=\"16\" viewbox=\"0 0 16 16\"><title>Loading<\/title><path d=\"M16 6h-6l2.243-2.243c-1.133-1.133-2.64-1.757-4.243-1.757s-3.109 0.624-4.243 1.757c-1.133 1.133-1.757 2.64-1.757 4.243s0.624 3.109 1.757 4.243c1.133 1.133 2.64 1.757 4.243 1.757s3.109-0.624 4.243-1.757c0.095-0.095 0.185-0.192 0.273-0.292l1.505 1.317c-1.466 1.674-3.62 2.732-6.020 2.732-4.418 0-8-3.582-8-8s3.582-8 8-8c2.209 0 4.209 0.896 5.656 2.344l2.343-2.344v6z\"><\/path>\n\t\t\t\t<\/svg><\/span><span class=\"kadence-svg-iconset svg-baseline\"><svg class=\"kadence-svg-icon kadence-check-svg\" fill=\"currentColor\" version=\"1.1\" xmlns=\"http:\/\/www.w3.org\/2000\/svg\" width=\"16\" height=\"16\" viewbox=\"0 0 16 16\"><title>Done<\/title><path d=\"M14 2.5l-8.5 8.5-3.5-3.5-1.5 1.5 5 5 10-10z\"><\/path>\n\t\t\t\t<\/svg><\/span><\/a><\/div>\n\t\t\t\t<\/div>\n\t\t\t<\/li><li class=\"wc-block-grid__product entry loop-entry content-bg woo-archive-action-on-hover woo-archive-btn-text product-loop-boxed woo-archive-image-hover-fade\"><a href=\"https:\/\/lvmvanille.mg\/en\/product\/nectar-pur-de-vanille-20g-madagascar\/\" class=\"wc-block-grid__product-link woocommerce-loop-image-link woocommerce-LoopProduct-link woocommerce-loop-product__link product-has-hover-image\">\n\t\t\t\t\t<img loading=\"lazy\" decoding=\"async\" width=\"300\" height=\"300\" src=\"https:\/\/lvmvanille.mg\/wp-content\/uploads\/2025\/10\/nectar-pur-vanille-madagascar-20g-face-300x300.webp\" class=\"attachment-woocommerce_thumbnail size-woocommerce_thumbnail\" alt=\"Pot de 20g de Nectar Pur de Vanille Madagascar \u2013 Vue frontale, produit premium Tahifolia\" srcset=\"https:\/\/lvmvanille.mg\/wp-content\/uploads\/2025\/10\/nectar-pur-vanille-madagascar-20g-face-300x300.webp 300w, https:\/\/lvmvanille.mg\/wp-content\/uploads\/2025\/10\/nectar-pur-vanille-madagascar-20g-face-1024x1024.webp 1024w, https:\/\/lvmvanille.mg\/wp-content\/uploads\/2025\/10\/nectar-pur-vanille-madagascar-20g-face-150x150.webp 150w, https:\/\/lvmvanille.mg\/wp-content\/uploads\/2025\/10\/nectar-pur-vanille-madagascar-20g-face-768x768.webp 768w, https:\/\/lvmvanille.mg\/wp-content\/uploads\/2025\/10\/nectar-pur-vanille-madagascar-20g-face-1536x1536.webp 1536w, https:\/\/lvmvanille.mg\/wp-content\/uploads\/2025\/10\/nectar-pur-vanille-madagascar-20g-face-2048x2048.webp 2048w, https:\/\/lvmvanille.mg\/wp-content\/uploads\/2025\/10\/nectar-pur-vanille-madagascar-20g-face-12x12.webp 12w, https:\/\/lvmvanille.mg\/wp-content\/uploads\/2025\/10\/nectar-pur-vanille-madagascar-20g-face-600x600.webp 600w, https:\/\/lvmvanille.mg\/wp-content\/uploads\/2025\/10\/nectar-pur-vanille-madagascar-20g-face-100x100.webp 100w\" sizes=\"auto, (max-width: 300px) 100vw, 300px\" \/>\n\t\t\t\t\t<img loading=\"lazy\" decoding=\"async\" width=\"300\" height=\"300\" src=\"Pure Madagascar Vanilla Nectar 20g \u2013 Elegant Perspective\" class=\"secondary-product-image attachment-woocommerce_thumbnail attachment-shop-catalog wp-post-image wp-post-image--secondary\" alt=\"Pot de Nectar Pur de Vanille 20g Madagascar \u2013 Vue en perspective 3\/4\" srcset=\"\" sizes=\"auto, (max-width: 300px) 100vw, 300px\" data-srcset=\"\" \/>\n\t\t\t\t<\/a>\n\t\t\t\t<div class=\"product-details content-bg entry-content-wrap\">\n\t\t\t\t\t<a href=\"https:\/\/lvmvanille.mg\/en\/product\/nectar-pur-de-vanille-20g-madagascar\/\" class=\"wc-block-grid__product-title-link\">\n\t\t\t\t\t\t<div class=\"wc-block-grid__product-title\">Pure Vanilla Nectar 20g Madagascar \u2013 Aromatic Excellence for 80 Gourmet Portions<\/div>\n\t\t\t\t\t<\/a>\n\t\t\t\t\t\n\t\t\t\t\t<div class=\"wc-block-grid__product-price price\"><span class=\"woocommerce-Price-amount amount\"><span class=\"woocommerce-Price-currencySymbol\">&euro;<\/span>&nbsp;32.50<\/span><\/div>\n\t\t\t\t\t<div class=\"wp-block-button wc-block-grid__product-add-to-cart\"><a href=\"\/en\/wp-json\/wp\/v2\/pages\/6?add-to-cart=2724\" aria-label=\"Add to cart: \u201cNectar Pur de Vanille 20g Madagascar \u2013 Excellence Aromatique pour 80 Portions Gourmandes\u201d\" data-quantity=\"1\" data-product_id=\"2724\" data-product_sku=\"\" rel=\"nofollow\" class=\"wp-block-button__link add_to_cart_button ajax_add_to_cart\" data-no-translation-aria-label=\"\">Add to cart<span class=\"kadence-svg-iconset svg-baseline\"><svg aria-hidden=\"true\" class=\"kadence-svg-icon kadence-arrow-right-alt-svg\" fill=\"currentColor\" version=\"1.1\" xmlns=\"http:\/\/www.w3.org\/2000\/svg\" width=\"27\" height=\"28\" viewbox=\"0 0 27 28\"><title>Continue<\/title><path d=\"M27 13.953c0 0.141-0.063 0.281-0.156 0.375l-6 5.531c-0.156 0.141-0.359 0.172-0.547 0.094-0.172-0.078-0.297-0.25-0.297-0.453v-3.5h-19.5c-0.281 0-0.5-0.219-0.5-0.5v-3c0-0.281 0.219-0.5 0.5-0.5h19.5v-3.5c0-0.203 0.109-0.375 0.297-0.453s0.391-0.047 0.547 0.078l6 5.469c0.094 0.094 0.156 0.219 0.156 0.359v0z\"><\/path>\n\t\t\t\t<\/svg><\/span><span class=\"kadence-svg-iconset svg-baseline\"><svg class=\"kadence-svg-icon kadence-spinner-svg\" fill=\"currentColor\" version=\"1.1\" xmlns=\"http:\/\/www.w3.org\/2000\/svg\" width=\"16\" height=\"16\" viewbox=\"0 0 16 16\"><title>Loading<\/title><path d=\"M16 6h-6l2.243-2.243c-1.133-1.133-2.64-1.757-4.243-1.757s-3.109 0.624-4.243 1.757c-1.133 1.133-1.757 2.64-1.757 4.243s0.624 3.109 1.757 4.243c1.133 1.133 2.64 1.757 4.243 1.757s3.109-0.624 4.243-1.757c0.095-0.095 0.185-0.192 0.273-0.292l1.505 1.317c-1.466 1.674-3.62 2.732-6.020 2.732-4.418 0-8-3.582-8-8s3.582-8 8-8c2.209 0 4.209 0.896 5.656 2.344l2.343-2.344v6z\"><\/path>\n\t\t\t\t<\/svg><\/span><span class=\"kadence-svg-iconset svg-baseline\"><svg class=\"kadence-svg-icon kadence-check-svg\" fill=\"currentColor\" version=\"1.1\" xmlns=\"http:\/\/www.w3.org\/2000\/svg\" width=\"16\" height=\"16\" viewbox=\"0 0 16 16\"><title>Done<\/title><path d=\"M14 2.5l-8.5 8.5-3.5-3.5-1.5 1.5 5 5 10-10z\"><\/path>\n\t\t\t\t<\/svg><\/span><\/a><\/div>\n\t\t\t\t<\/div>\n\t\t\t<\/li><li class=\"wc-block-grid__product entry loop-entry content-bg woo-archive-action-on-hover woo-archive-btn-text product-loop-boxed woo-archive-image-hover-fade\"><a href=\"https:\/\/lvmvanille.mg\/en\/product\/nectar-givre-de-vanille-20g-madagascar\/\" class=\"wc-block-grid__product-link woocommerce-loop-image-link woocommerce-LoopProduct-link woocommerce-loop-product__link product-has-hover-image\">\n\t\t\t\t\t<img loading=\"lazy\" decoding=\"async\" width=\"300\" height=\"300\" src=\"https:\/\/lvmvanille.mg\/wp-content\/uploads\/2025\/10\/nectar-givre-vanille-madagascar-20g-face-300x300.webp\" class=\"attachment-woocommerce_thumbnail size-woocommerce_thumbnail\" alt=\"Pot de 20 g de Nectar Givr\u00e9 de Vanille Madagascar Tahifolia, vue de face, cristallisation naturelle visible.\" srcset=\"https:\/\/lvmvanille.mg\/wp-content\/uploads\/2025\/10\/nectar-givre-vanille-madagascar-20g-face-300x300.webp 300w, https:\/\/lvmvanille.mg\/wp-content\/uploads\/2025\/10\/nectar-givre-vanille-madagascar-20g-face-1024x1024.webp 1024w, https:\/\/lvmvanille.mg\/wp-content\/uploads\/2025\/10\/nectar-givre-vanille-madagascar-20g-face-150x150.webp 150w, https:\/\/lvmvanille.mg\/wp-content\/uploads\/2025\/10\/nectar-givre-vanille-madagascar-20g-face-768x768.webp 768w, https:\/\/lvmvanille.mg\/wp-content\/uploads\/2025\/10\/nectar-givre-vanille-madagascar-20g-face-1536x1536.webp 1536w, https:\/\/lvmvanille.mg\/wp-content\/uploads\/2025\/10\/nectar-givre-vanille-madagascar-20g-face-2048x2048.webp 2048w, https:\/\/lvmvanille.mg\/wp-content\/uploads\/2025\/10\/nectar-givre-vanille-madagascar-20g-face-12x12.webp 12w, https:\/\/lvmvanille.mg\/wp-content\/uploads\/2025\/10\/nectar-givre-vanille-madagascar-20g-face-600x600.webp 600w, https:\/\/lvmvanille.mg\/wp-content\/uploads\/2025\/10\/nectar-givre-vanille-madagascar-20g-face-100x100.webp 100w\" sizes=\"auto, (max-width: 300px) 100vw, 300px\" \/>\n\t\t\t\t\t<img loading=\"lazy\" decoding=\"async\" width=\"300\" height=\"450\" src=\"Crystallized Vanilla Nectar 20g \u2013 Perspective View\" class=\"secondary-product-image attachment-woocommerce_thumbnail attachment-shop-catalog wp-post-image wp-post-image--secondary\" alt=\"Pot de Nectar Givr\u00e9 de Vanille 20 g Madagascar Tahifolia, vue en perspective 3\/4.\" srcset=\"\" sizes=\"auto, (max-width: 300px) 100vw, 300px\" data-srcset=\"\" \/>\n\t\t\t\t<\/a>\n\t\t\t\t<div class=\"product-details content-bg entry-content-wrap\">\n\t\t\t\t\t<a href=\"https:\/\/lvmvanille.mg\/en\/product\/nectar-givre-de-vanille-20g-madagascar\/\" class=\"wc-block-grid__product-title-link\">\n\t\t\t\t\t\t<div class=\"wc-block-grid__product-title\">Crystallized Vanilla Nectar 20g Madagascar \u2013 Natural Crystallization for 80 Gourmet Creations<\/div>\n\t\t\t\t\t<\/a>\n\t\t\t\t\t\n\t\t\t\t\t<div class=\"wc-block-grid__product-price price\"><span class=\"woocommerce-Price-amount amount\"><span class=\"woocommerce-Price-currencySymbol\">&euro;<\/span>&nbsp;36.67<\/span><\/div>\n\t\t\t\t\t<div class=\"wp-block-button wc-block-grid__product-add-to-cart\"><a href=\"\/en\/wp-json\/wp\/v2\/pages\/6?add-to-cart=2718\" aria-label=\"Add to cart: \u201cNectar Givr\u00e9 de Vanille 20 g Madagascar \u2013 Cristallisation Naturelle pour 80 Cr\u00e9ations Gourmandes\u201d\" data-quantity=\"1\" data-product_id=\"2718\" data-product_sku=\"\" rel=\"nofollow\" class=\"wp-block-button__link add_to_cart_button ajax_add_to_cart\" data-no-translation-aria-label=\"\">Add to cart<span class=\"kadence-svg-iconset svg-baseline\"><svg aria-hidden=\"true\" class=\"kadence-svg-icon kadence-arrow-right-alt-svg\" fill=\"currentColor\" version=\"1.1\" xmlns=\"http:\/\/www.w3.org\/2000\/svg\" width=\"27\" height=\"28\" viewbox=\"0 0 27 28\"><title>Continue<\/title><path d=\"M27 13.953c0 0.141-0.063 0.281-0.156 0.375l-6 5.531c-0.156 0.141-0.359 0.172-0.547 0.094-0.172-0.078-0.297-0.25-0.297-0.453v-3.5h-19.5c-0.281 0-0.5-0.219-0.5-0.5v-3c0-0.281 0.219-0.5 0.5-0.5h19.5v-3.5c0-0.203 0.109-0.375 0.297-0.453s0.391-0.047 0.547 0.078l6 5.469c0.094 0.094 0.156 0.219 0.156 0.359v0z\"><\/path>\n\t\t\t\t<\/svg><\/span><span class=\"kadence-svg-iconset svg-baseline\"><svg class=\"kadence-svg-icon kadence-spinner-svg\" fill=\"currentColor\" version=\"1.1\" xmlns=\"http:\/\/www.w3.org\/2000\/svg\" width=\"16\" height=\"16\" viewbox=\"0 0 16 16\"><title>Loading<\/title><path d=\"M16 6h-6l2.243-2.243c-1.133-1.133-2.64-1.757-4.243-1.757s-3.109 0.624-4.243 1.757c-1.133 1.133-1.757 2.64-1.757 4.243s0.624 3.109 1.757 4.243c1.133 1.133 2.64 1.757 4.243 1.757s3.109-0.624 4.243-1.757c0.095-0.095 0.185-0.192 0.273-0.292l1.505 1.317c-1.466 1.674-3.62 2.732-6.020 2.732-4.418 0-8-3.582-8-8s3.582-8 8-8c2.209 0 4.209 0.896 5.656 2.344l2.343-2.344v6z\"><\/path>\n\t\t\t\t<\/svg><\/span><span class=\"kadence-svg-iconset svg-baseline\"><svg class=\"kadence-svg-icon kadence-check-svg\" fill=\"currentColor\" version=\"1.1\" xmlns=\"http:\/\/www.w3.org\/2000\/svg\" width=\"16\" height=\"16\" viewbox=\"0 0 16 16\"><title>Done<\/title><path d=\"M14 2.5l-8.5 8.5-3.5-3.5-1.5 1.5 5 5 10-10z\"><\/path>\n\t\t\t\t<\/svg><\/span><\/a><\/div>\n\t\t\t\t<\/div>\n\t\t\t<\/li><li class=\"wc-block-grid__product entry loop-entry content-bg woo-archive-action-on-hover woo-archive-btn-text product-loop-boxed woo-archive-image-hover-fade\"><a href=\"https:\/\/lvmvanille.mg\/en\/product\/gousses-de-vanille-madagascar-20g-premium\/\" class=\"wc-block-grid__product-link woocommerce-loop-image-link woocommerce-LoopProduct-link woocommerce-loop-product__link product-has-hover-image\">\n\t\t\t\t\t<img loading=\"lazy\" decoding=\"async\" width=\"300\" height=\"575\" src=\"https:\/\/lvmvanille.mg\/wp-content\/uploads\/2025\/10\/gousses-vanille-madagascar-20g-face-300x575.webp\" class=\"attachment-woocommerce_thumbnail size-woocommerce_thumbnail\" alt=\"Tube 20g de gousses de vanille Madagascar Tahifolia \u2013 vue frontale\" srcset=\"https:\/\/lvmvanille.mg\/wp-content\/uploads\/2025\/10\/gousses-vanille-madagascar-20g-face-300x575.webp 300w, https:\/\/lvmvanille.mg\/wp-content\/uploads\/2025\/10\/gousses-vanille-madagascar-20g-face-156x300.webp 156w, https:\/\/lvmvanille.mg\/wp-content\/uploads\/2025\/10\/gousses-vanille-madagascar-20g-face-534x1024.webp 534w, https:\/\/lvmvanille.mg\/wp-content\/uploads\/2025\/10\/gousses-vanille-madagascar-20g-face-768x1472.webp 768w, https:\/\/lvmvanille.mg\/wp-content\/uploads\/2025\/10\/gousses-vanille-madagascar-20g-face-801x1536.webp 801w, https:\/\/lvmvanille.mg\/wp-content\/uploads\/2025\/10\/gousses-vanille-madagascar-20g-face-1068x2048.webp 1068w, https:\/\/lvmvanille.mg\/wp-content\/uploads\/2025\/10\/gousses-vanille-madagascar-20g-face-6x12.webp 6w, https:\/\/lvmvanille.mg\/wp-content\/uploads\/2025\/10\/gousses-vanille-madagascar-20g-face-600x1150.webp 600w, https:\/\/lvmvanille.mg\/wp-content\/uploads\/2025\/10\/gousses-vanille-madagascar-20g-face-scaled.webp 1335w\" sizes=\"auto, (max-width: 300px) 100vw, 300px\" \/>\n\t\t\t\t\t<img loading=\"lazy\" decoding=\"async\" width=\"300\" height=\"450\" src=\"Madagascar Vanilla Pods 20g \u2013 Back Information\" class=\"secondary-product-image attachment-woocommerce_thumbnail attachment-shop-catalog wp-post-image wp-post-image--secondary\" alt=\"Tube 20g de gousses de vanille Madagascar Tahifolia \u2013 vue arri\u00e8re\" srcset=\"\" sizes=\"auto, (max-width: 300px) 100vw, 300px\" data-srcset=\"\" \/>\n\t\t\t\t<\/a>\n\t\t\t\t<div class=\"product-details content-bg entry-content-wrap\">\n\t\t\t\t\t<a href=\"https:\/\/lvmvanille.mg\/en\/product\/gousses-de-vanille-madagascar-20g-premium\/\" class=\"wc-block-grid__product-title-link\">\n\t\t\t\t\t\t<div class=\"wc-block-grid__product-title\">20g Tube of Vanilla Pods \u2013 Madagascar Tahifolia (Harmonia Range)<\/div>\n\t\t\t\t\t<\/a>\n\t\t\t\t\t\n\t\t\t\t\t<div class=\"wc-block-grid__product-price price\"><span class=\"woocommerce-Price-amount amount\"><span class=\"woocommerce-Price-currencySymbol\">&euro;<\/span>&nbsp;10.75<\/span><\/div>\n\t\t\t\t\t<div class=\"wp-block-button wc-block-grid__product-add-to-cart\"><a href=\"\/en\/wp-json\/wp\/v2\/pages\/6?add-to-cart=2710\" aria-label=\"Add to cart: \u201cTube 20g de Gousses de Vanille - Madagascar Tahifolia (Gamme Harmonia)\u201d\" data-quantity=\"1\" data-product_id=\"2710\" data-product_sku=\"\" rel=\"nofollow\" class=\"wp-block-button__link add_to_cart_button ajax_add_to_cart\" data-no-translation-aria-label=\"\">Add to cart<span class=\"kadence-svg-iconset svg-baseline\"><svg aria-hidden=\"true\" class=\"kadence-svg-icon kadence-arrow-right-alt-svg\" fill=\"currentColor\" version=\"1.1\" xmlns=\"http:\/\/www.w3.org\/2000\/svg\" width=\"27\" height=\"28\" viewbox=\"0 0 27 28\"><title>Continue<\/title><path d=\"M27 13.953c0 0.141-0.063 0.281-0.156 0.375l-6 5.531c-0.156 0.141-0.359 0.172-0.547 0.094-0.172-0.078-0.297-0.25-0.297-0.453v-3.5h-19.5c-0.281 0-0.5-0.219-0.5-0.5v-3c0-0.281 0.219-0.5 0.5-0.5h19.5v-3.5c0-0.203 0.109-0.375 0.297-0.453s0.391-0.047 0.547 0.078l6 5.469c0.094 0.094 0.156 0.219 0.156 0.359v0z\"><\/path>\n\t\t\t\t<\/svg><\/span><span class=\"kadence-svg-iconset svg-baseline\"><svg class=\"kadence-svg-icon kadence-spinner-svg\" fill=\"currentColor\" version=\"1.1\" xmlns=\"http:\/\/www.w3.org\/2000\/svg\" width=\"16\" height=\"16\" viewbox=\"0 0 16 16\"><title>Loading<\/title><path d=\"M16 6h-6l2.243-2.243c-1.133-1.133-2.64-1.757-4.243-1.757s-3.109 0.624-4.243 1.757c-1.133 1.133-1.757 2.64-1.757 4.243s0.624 3.109 1.757 4.243c1.133 1.133 2.64 1.757 4.243 1.757s3.109-0.624 4.243-1.757c0.095-0.095 0.185-0.192 0.273-0.292l1.505 1.317c-1.466 1.674-3.62 2.732-6.020 2.732-4.418 0-8-3.582-8-8s3.582-8 8-8c2.209 0 4.209 0.896 5.656 2.344l2.343-2.344v6z\"><\/path>\n\t\t\t\t<\/svg><\/span><span class=\"kadence-svg-iconset svg-baseline\"><svg class=\"kadence-svg-icon kadence-check-svg\" fill=\"currentColor\" version=\"1.1\" xmlns=\"http:\/\/www.w3.org\/2000\/svg\" width=\"16\" height=\"16\" viewbox=\"0 0 16 16\"><title>Done<\/title><path d=\"M14 2.5l-8.5 8.5-3.5-3.5-1.5 1.5 5 5 10-10z\"><\/path>\n\t\t\t\t<\/svg><\/span><\/a><\/div>\n\t\t\t\t<\/div>\n\t\t\t<\/li><\/ul><\/div><\/div>\n<\/div>","protected":false},"excerpt":{"rendered":"<p>Plus vous commandez, plus les frais diminuent&#8230;jusqu&rsquo;\u00e0 dispara\u00eetre! Profitez de nos d\u00e9licieux pots de Nectar directement exp\u00e9di\u00e9s depuis Madagascar<\/p>","protected":false},"author":1,"featured_media":0,"parent":0,"menu_order":0,"comment_status":"closed","ping_status":"closed","template":"","meta":{"_kad_post_transparent":"","_kad_post_title":"","_kad_post_layout":"","_kad_post_sidebar_id":"","_kad_post_content_style":"","_kad_post_vertical_padding":"","_kad_post_feature":"","_kad_post_feature_position":"","_kad_post_header":false,"_kad_post_footer":false,"_kad_post_classname":"","footnotes":""},"class_list":["post-6","page","type-page","status-publish","hentry"],"_links":{"self":[{"href":"https:\/\/lvmvanille.mg\/en\/wp-json\/wp\/v2\/pages\/6","targetHints":{"allow":["GET"]}}],"collection":[{"href":"https:\/\/lvmvanille.mg\/en\/wp-json\/wp\/v2\/pages"}],"about":[{"href":"https:\/\/lvmvanille.mg\/en\/wp-json\/wp\/v2\/types\/page"}],"author":[{"embeddable":true,"href":"https:\/\/lvmvanille.mg\/en\/wp-json\/wp\/v2\/users\/1"}],"replies":[{"embeddable":true,"href":"https:\/\/lvmvanille.mg\/en\/wp-json\/wp\/v2\/comments?post=6"}],"version-history":[{"count":5,"href":"https:\/\/lvmvanille.mg\/en\/wp-json\/wp\/v2\/pages\/6\/revisions"}],"predecessor-version":[{"id":684,"href":"https:\/\/lvmvanille.mg\/en\/wp-json\/wp\/v2\/pages\/6\/revisions\/684"}],"wp:attachment":[{"href":"https:\/\/lvmvanille.mg\/en\/wp-json\/wp\/v2\/media?parent=6"}],"curies":[{"name":"wp","href":"https:\/\/api.w.org\/{rel}","templated":true}]}}