{"id":3103,"date":"2026-02-13T17:04:54","date_gmt":"2026-02-13T14:04:54","guid":{"rendered":"https:\/\/lvmvanille.mg\/?post_type=product&#038;p=3103"},"modified":"2026-02-20T10:05:39","modified_gmt":"2026-02-20T07:05:39","slug":"rabane-raphia-emirne-fine","status":"publish","type":"product","link":"https:\/\/lvmvanille.mg\/en\/product\/rabane-raphia-emirne-fine\/","title":{"rendered":"Rabane Raphia &lsquo;Emirne Fine&rsquo;, 1,60m x 0,58m"},"content":{"rendered":"<p>Raphia de qualit\u00e9 sup\u00e9rieure, issu des fibres naturelles de Madagascar : \u00c9chantillon de 1,60m par 0,57m<\/p>","protected":false},"excerpt":{"rendered":"<p>Raphia de qualit\u00e9 sup\u00e9rieure, issu des fibres naturelles de Madagascar : \u00c9chantillon de 1,60m par 0,57m<\/p>","protected":false},"featured_media":0,"template":"","meta":{"_kad_post_transparent":"default","_kad_post_title":"","_kad_post_layout":"default","_kad_post_sidebar_id":"","_kad_post_content_style":"default","_kad_post_vertical_padding":"default","_kad_post_feature":"","_kad_post_feature_position":"","_kad_post_header":false,"_kad_post_footer":false,"_kad_post_classname":""},"product_brand":[],"product_cat":[27],"product_tag":[],"class_list":{"0":"post-3103","1":"product","2":"type-product","3":"status-publish","5":"product_cat-raphia","7":"first","8":"instock","9":"shipping-taxable","10":"purchasable","11":"product-type-simple","12":"entry","13":"content-bg","14":"loop-entry"},"_links":{"self":[{"href":"https:\/\/lvmvanille.mg\/en\/wp-json\/wp\/v2\/product\/3103","targetHints":{"allow":["GET"]}}],"collection":[{"href":"https:\/\/lvmvanille.mg\/en\/wp-json\/wp\/v2\/product"}],"about":[{"href":"https:\/\/lvmvanille.mg\/en\/wp-json\/wp\/v2\/types\/product"}],"wp:attachment":[{"href":"https:\/\/lvmvanille.mg\/en\/wp-json\/wp\/v2\/media?parent=3103"}],"wp:term":[{"taxonomy":"product_brand","embeddable":true,"href":"https:\/\/lvmvanille.mg\/en\/wp-json\/wp\/v2\/product_brand?post=3103"},{"taxonomy":"product_cat","embeddable":true,"href":"https:\/\/lvmvanille.mg\/en\/wp-json\/wp\/v2\/product_cat?post=3103"},{"taxonomy":"product_tag","embeddable":true,"href":"https:\/\/lvmvanille.mg\/en\/wp-json\/wp\/v2\/product_tag?post=3103"}],"curies":[{"name":"wp","href":"https:\/\/api.w.org\/{rel}","templated":true}]}}