{"id":3105,"date":"2026-02-13T17:14:53","date_gmt":"2026-02-13T14:14:53","guid":{"rendered":"https:\/\/lvmvanille.mg\/?post_type=product&#038;p=3105"},"modified":"2026-02-20T10:04:36","modified_gmt":"2026-02-20T07:04:36","slug":"rabane-raphia-langarana-naturel-mecanique-m2","status":"publish","type":"product","link":"https:\/\/lvmvanille.mg\/en\/product\/rabane-raphia-langarana-naturel-mecanique-m2\/","title":{"rendered":"Rabane Raphia Langarana Naturel M\u00e9canique (m2), \u00c9chantillon 0,24 m2"},"content":{"rendered":"<p>Raphia de qualit\u00e9 sup\u00e9rieure produit \u00e0 partir de feuilles de palmier originaire de Madagascar. Le raphia est une mati\u00e8re naturelle d\u00e9co formidable, adaptable en rev\u00eatement naturel. Le tissage rabane langarana tr\u00e8s facile \u00e0 travailler. \u00c9chantillon de 0,24 m2<\/p>","protected":false},"excerpt":{"rendered":"<p>Raphia de qualit\u00e9 sup\u00e9rieure produit \u00e0 partir de feuilles de palmier originaire de Madagascar. Le raphia est une mati\u00e8re naturelle d\u00e9co formidable, adaptable en rev\u00eatement naturel. Le tissage rabane langarana tr\u00e8s facile \u00e0 travailler. \u00c9chantillon de 0,24 m2<\/p>","protected":false},"featured_media":0,"template":"","meta":{"_kad_post_transparent":"default","_kad_post_title":"","_kad_post_layout":"default","_kad_post_sidebar_id":"","_kad_post_content_style":"default","_kad_post_vertical_padding":"default","_kad_post_feature":"","_kad_post_feature_position":"","_kad_post_header":false,"_kad_post_footer":false,"_kad_post_classname":""},"product_brand":[],"product_cat":[27],"product_tag":[],"class_list":{"0":"post-3105","1":"product","2":"type-product","3":"status-publish","5":"product_cat-raphia","7":"first","8":"instock","9":"shipping-taxable","10":"purchasable","11":"product-type-simple","12":"entry","13":"content-bg","14":"loop-entry"},"_links":{"self":[{"href":"https:\/\/lvmvanille.mg\/en\/wp-json\/wp\/v2\/product\/3105","targetHints":{"allow":["GET"]}}],"collection":[{"href":"https:\/\/lvmvanille.mg\/en\/wp-json\/wp\/v2\/product"}],"about":[{"href":"https:\/\/lvmvanille.mg\/en\/wp-json\/wp\/v2\/types\/product"}],"wp:attachment":[{"href":"https:\/\/lvmvanille.mg\/en\/wp-json\/wp\/v2\/media?parent=3105"}],"wp:term":[{"taxonomy":"product_brand","embeddable":true,"href":"https:\/\/lvmvanille.mg\/en\/wp-json\/wp\/v2\/product_brand?post=3105"},{"taxonomy":"product_cat","embeddable":true,"href":"https:\/\/lvmvanille.mg\/en\/wp-json\/wp\/v2\/product_cat?post=3105"},{"taxonomy":"product_tag","embeddable":true,"href":"https:\/\/lvmvanille.mg\/en\/wp-json\/wp\/v2\/product_tag?post=3105"}],"curies":[{"name":"wp","href":"https:\/\/api.w.org\/{rel}","templated":true}]}}